{"id":362,"date":"2017-12-29T19:17:30","date_gmt":"2017-12-29T23:17:30","guid":{"rendered":"http:\/\/www.progalv.cl\/?page_id=362"},"modified":"2018-01-23T17:36:49","modified_gmt":"2018-01-23T21:36:49","slug":"nosotros-2","status":"publish","type":"page","link":"https:\/\/www.progalv.cl\/?page_id=362","title":{"rendered":"Empresa"},"content":{"rendered":"<section class=\"wpb-content-wrapper\">[vc_row][vc_column][vc_column_text][\/vc_column_text][vc_row_inner][vc_column_inner width=&#8221;1\/6&#8243;][\/vc_column_inner][vc_column_inner width=&#8221;4\/6&#8243;][vc_icon type=&#8221;openiconic&#8221; icon_openiconic=&#8221;vc-oi vc-oi-star&#8221; color=&#8221;chino&#8221; align=&#8221;center&#8221;][vc_separator border_width=&#8221;6&#8243;][\/vc_column_inner][vc_column_inner width=&#8221;1\/6&#8243;][\/vc_column_inner][\/vc_row_inner][vc_row_inner][vc_column_inner width=&#8221;1\/6&#8243;][\/vc_column_inner][vc_column_inner width=&#8221;4\/6&#8243;][vc_single_image image=&#8221;551&#8243; alignment=&#8221;center&#8221;][vc_column_text css=&#8221;.vc_custom_1516743260295{margin-top: 30px !important;margin-bottom: 30px !important;}&#8221;]\n<div><span style=\"font-family: georgia, palatino; font-size: 24px; color: #999999;\"><strong>PROGALV es una empresa que desde el a\u00f1o 2012 se ha dedicado a la fabricaci\u00f3n y suministro de un amplio stock de productos galvanizados de hojalater\u00eda, orientando su servicio a empresas distribuidoras de materiales de construcci\u00f3n y ferreter\u00edas a nivel nacional.<\/strong><\/span><\/div>\n<p>&nbsp;<\/p>\n<div><span style=\"font-size: 24px; color: #999999; font-family: georgia, palatino;\"><strong>Nuestros productos se destacan por el uso de patrones de excelencia y medidas est\u00e1ndares para compatibilizar toda la l\u00ednea de hojalater\u00eda. Sin embargo, nuestro objetivo principal es la total satisfacci\u00f3n del cliente mediante el cumplimiento oportuno de los tiempos de entrega y servicio de post venta.<\/strong><\/span><\/div>\n<p>&nbsp;<\/p>\n<div><span style=\"font-size: 24px; color: #999999; font-family: georgia, palatino;\"><strong>El mejoramiento continuo y la optimizaci\u00f3n en el proceso de producci\u00f3n es la base de nuestro constante crecimiento en el rubro.<\/strong><\/span><\/div>\n[\/vc_column_text][vc_separator border_width=&#8221;4&#8243;][\/vc_column_inner][vc_column_inner width=&#8221;1\/6&#8243;][\/vc_column_inner][\/vc_row_inner][\/vc_column][\/vc_row]\n<\/section>","protected":false},"excerpt":{"rendered":"<p>[vc_row][vc_column][vc_column_text][\/vc_column_text][vc_row_inner][vc_column_inner width=&#8221;1\/6&#8243;][\/vc_column_inner][vc_column_inner width=&#8221;4\/6&#8243;][vc_icon type=&#8221;openiconic&#8221; icon_openiconic=&#8221;vc-oi vc-oi-star&#8221; color=&#8221;chino&#8221; align=&#8221;center&#8221;][vc_separator border_width=&#8221;6&#8243;][\/vc_column_inner][vc_column_inner width=&#8221;1\/6&#8243;][\/vc_column_inner][\/vc_row_inner][vc_row_inner][vc_column_inner width=&#8221;1\/6&#8243;][\/vc_column_inner][vc_column_inner width=&#8221;4\/6&#8243;][vc_single_image image=&#8221;551&#8243; alignment=&#8221;center&#8221;][vc_column_text css=&#8221;.vc_custom_1516743260295{margin-top: 30px !important;margin-bottom: 30px !important;}&#8221;] PROGALV es una empresa que desde el a\u00f1o 2012 se ha dedicado a la fabricaci\u00f3n y suministro de un amplio stock de productos galvanizados de hojalater\u00eda, orientando su servicio a empresas distribuidoras de materiales de construcci\u00f3n&hellip;<\/p>\n","protected":false},"author":2,"featured_media":0,"parent":0,"menu_order":0,"comment_status":"closed","ping_status":"closed","template":"","meta":{"footnotes":""},"class_list":["post-362","page","type-page","status-publish","hentry","entry","no-media"],"_links":{"self":[{"href":"https:\/\/www.progalv.cl\/index.php?rest_route=\/wp\/v2\/pages\/362","targetHints":{"allow":["GET"]}}],"collection":[{"href":"https:\/\/www.progalv.cl\/index.php?rest_route=\/wp\/v2\/pages"}],"about":[{"href":"https:\/\/www.progalv.cl\/index.php?rest_route=\/wp\/v2\/types\/page"}],"author":[{"embeddable":true,"href":"https:\/\/www.progalv.cl\/index.php?rest_route=\/wp\/v2\/users\/2"}],"replies":[{"embeddable":true,"href":"https:\/\/www.progalv.cl\/index.php?rest_route=%2Fwp%2Fv2%2Fcomments&post=362"}],"version-history":[{"count":41,"href":"https:\/\/www.progalv.cl\/index.php?rest_route=\/wp\/v2\/pages\/362\/revisions"}],"predecessor-version":[{"id":555,"href":"https:\/\/www.progalv.cl\/index.php?rest_route=\/wp\/v2\/pages\/362\/revisions\/555"}],"wp:attachment":[{"href":"https:\/\/www.progalv.cl\/index.php?rest_route=%2Fwp%2Fv2%2Fmedia&parent=362"}],"curies":[{"name":"wp","href":"https:\/\/api.w.org\/{rel}","templated":true}]}}